{"id":45,"date":"2010-07-25T19:40:01","date_gmt":"2010-07-26T02:40:01","guid":{"rendered":"http:\/\/wpthemetestdata.wordpress.com\/about\/"},"modified":"2010-07-25T19:40:01","modified_gmt":"2010-07-26T02:40:01","slug":"about","status":"publish","type":"page","link":"https:\/\/tft.scss.tcd.ie:443\/index.php\/about\/","title":{"rendered":"About The Tests"},"content":{"rendered":"<p>This site is using the standard WordPress Theme Unit Test Data for content. The Theme Unit Test is a series of posts and pages that match up with a checklist on the WordPress codex. You can use the data and checklist together to test your theme.<\/p>\n<h2>WordPress Theme Development Resources<\/h2>\n<ol>\n<li>See <a href=\"http:\/\/codex.wordpress.org\/Theme_Development\">Theme Development<\/a> for <a href=\"http:\/\/codex.wordpress.org\/Theme_Development#Code_Standards\">code standards<\/a>, examples of best practices, and <a href=\"http:\/\/codex.wordpress.org\/Theme_Development#Resources_and_References\">resources for Theme development<\/a>.<\/li>\n<li>See <a href=\"http:\/\/codex.wordpress.org\/Theme_Unit_Test\">Theme Unit Test<\/a> for a robust test suite for your Theme and get the latest version of the test data you see here.<\/li>\n<li>See <a href=\"http:\/\/codex.wordpress.org\/Theme_Review\">Theme Review<\/a> for a guide to submitting your Theme to the <a href=\"http:\/\/wordpress.org\/extend\/themes\/\">Themes Directory<\/a>.<\/li>\n<\/ol>\n","protected":false},"excerpt":{"rendered":"<p>This site is using the standard WordPress Theme Unit Test Data for content. The Theme Unit Test is a series of posts and pages that match up with a checklist on the WordPress codex. You can use the data and checklist together to test your theme. WordPress Theme Development Resources See Theme Development for code<\/p>\n<div><a class=\"btn-filled btn\" href=\"https:\/\/tft.scss.tcd.ie:443\/index.php\/about\/\" title=\"About The Tests\">Read More<\/a><\/div>\n","protected":false},"author":1,"featured_media":0,"parent":0,"menu_order":1,"comment_status":"closed","ping_status":"closed","template":"","meta":{"jetpack_post_was_ever_published":false,"footnotes":""},"class_list":["post-45","page","type-page","status-publish","hentry"],"jetpack_sharing_enabled":true,"jetpack_shortlink":"https:\/\/wp.me\/P7zZND-J","jetpack-related-posts":[{"id":701,"url":"https:\/\/tft.scss.tcd.ie:443\/index.php\/front-page\/","url_meta":{"origin":45,"position":0},"title":"Front Page","author":"admin","date":"May 20, 2011","format":false,"excerpt":"Use this static Page to test the Theme's handling of the Front Page template file. This is the Front Page content. Use this static Page to test the Front Page output of the Theme. The Theme should properly handle both Blog Posts Index as Front Page and static Page as\u2026","rel":"","context":"Similar post","block_context":{"text":"Similar post","link":""},"img":{"alt_text":"","src":"","width":0,"height":0},"classes":[]},{"id":2181,"url":"https:\/\/tft.scss.tcd.ie:443\/index.php\/tft-handbook-for-the-integration-of-21cl-in-schools-2\/","url_meta":{"origin":45,"position":1},"title":"TfT Handbook for the Integration of 21CL in Schools","author":"Aibhin Bray","date":"July 6, 2018","format":false,"excerpt":"Download the\u00a0TfT Handbook for the Integration of 21CL in Schools\u00a0here. This handbook is a guide for practitioners seeking to implement 21C teaching & learning in the classrooms and\/or at the school-wide level. It includes various practical resources,\u00a0which have been developed over the course of this TfT project, for teachers, students\u2026","rel":"","context":"Similar post","block_context":{"text":"Similar post","link":""},"img":{"alt_text":"","src":"","width":0,"height":0},"classes":[]},{"id":1529,"url":"https:\/\/tft.scss.tcd.ie:443\/index.php\/assessment\/","url_meta":{"origin":45,"position":2},"title":"Assessing Teamwork Handbook","author":"admin","date":"May 31, 2016","format":false,"excerpt":"\u00a0 Assessment Handbook","rel":"","context":"Similar post","block_context":{"text":"Similar post","link":""},"img":{"alt_text":"","src":"","width":0,"height":0},"classes":[]},{"id":1797,"url":"https:\/\/tft.scss.tcd.ie:443\/index.php\/handbook\/","url_meta":{"origin":45,"position":3},"title":"Bridge21 Introductory Handbook for Teachers","author":"admin","date":"September 22, 2016","format":false,"excerpt":"Download:\u00a0Bridge21-TfT Intro Handbook \u00a0","rel":"","context":"Similar post","block_context":{"text":"Similar post","link":""},"img":{"alt_text":"","src":"","width":0,"height":0},"classes":[]},{"id":2195,"url":"https:\/\/tft.scss.tcd.ie:443\/index.php\/21-sajandi-oppe-loimimise-kasiraamat-koolidele\/","url_meta":{"origin":45,"position":4},"title":"21. sajandi \u00f5ppe l\u00f5imingu k\u00e4siraamat koolidele","author":"Aibhin Bray","date":"October 24, 2018","format":false,"excerpt":"Kopeeri siit alla:\u00a021. sajandi \u00f5ppe l\u00f5imingu k\u00e4siraamat koolidele \u00a0","rel":"","context":"Similar post","block_context":{"text":"Similar post","link":""},"img":{"alt_text":"","src":"","width":0,"height":0},"classes":[]},{"id":2203,"url":"https:\/\/tft.scss.tcd.ie:443\/index.php\/manuale-per-lintegrazione-di-21cl-nelle-scuole\/","url_meta":{"origin":45,"position":5},"title":"Manuale per l\u2019integrazione di 21CL nelle scuole","author":"Aibhin Bray","date":"October 30, 2018","format":false,"excerpt":"Scarica una copia qui:\u00a0Manuale per l\u2019integrazione di 21CL nelle scuole \u00a0","rel":"","context":"Similar post","block_context":{"text":"Similar post","link":""},"img":{"alt_text":"","src":"","width":0,"height":0},"classes":[]}],"_links":{"self":[{"href":"https:\/\/tft.scss.tcd.ie:443\/index.php\/wp-json\/wp\/v2\/pages\/45","targetHints":{"allow":["GET"]}}],"collection":[{"href":"https:\/\/tft.scss.tcd.ie:443\/index.php\/wp-json\/wp\/v2\/pages"}],"about":[{"href":"https:\/\/tft.scss.tcd.ie:443\/index.php\/wp-json\/wp\/v2\/types\/page"}],"author":[{"embeddable":true,"href":"https:\/\/tft.scss.tcd.ie:443\/index.php\/wp-json\/wp\/v2\/users\/1"}],"replies":[{"embeddable":true,"href":"https:\/\/tft.scss.tcd.ie:443\/index.php\/wp-json\/wp\/v2\/comments?post=45"}],"version-history":[{"count":0,"href":"https:\/\/tft.scss.tcd.ie:443\/index.php\/wp-json\/wp\/v2\/pages\/45\/revisions"}],"wp:attachment":[{"href":"https:\/\/tft.scss.tcd.ie:443\/index.php\/wp-json\/wp\/v2\/media?parent=45"}],"curies":[{"name":"wp","href":"https:\/\/api.w.org\/{rel}","templated":true}]}}