{"id":1852,"date":"2016-11-16T14:38:37","date_gmt":"2016-11-16T14:38:37","guid":{"rendered":"http:\/\/tft.scss.tcd.ie\/?page_id=1852"},"modified":"2018-05-02T14:43:07","modified_gmt":"2018-05-02T14:43:07","slug":"lesson-plans","status":"publish","type":"page","link":"https:\/\/tft.scss.tcd.ie:443\/index.php\/lesson-plans\/","title":{"rendered":"Lesson Plans"},"content":{"rendered":"<p style=\"text-align: left;\"><a href=\"http:\/\/tft.scss.tcd.ie\/wp-content\/uploads\/2016\/11\/Fillable-Bridge21-TfT-ADT-CC.pdf\">Activity Design Template &#8211; Fillable PDF\u00a0<\/a>\u00a0 \u00a0 \u00a0 \u00a0 \u00a0 \u00a0 \u00a0 \u00a0 \u00a0 \u00a0<img loading=\"lazy\" decoding=\"async\" data-attachment-id=\"2045\" data-permalink=\"https:\/\/tft.scss.tcd.ie:443\/index.php\/lesson-plans\/multicoloured-triangle\/\" data-orig-file=\"https:\/\/tft.scss.tcd.ie:443\/wp-content\/uploads\/2016\/11\/Multicoloured-triangle.png\" data-orig-size=\"126,88\" data-comments-opened=\"1\" data-image-meta=\"{&quot;aperture&quot;:&quot;0&quot;,&quot;credit&quot;:&quot;&quot;,&quot;camera&quot;:&quot;&quot;,&quot;caption&quot;:&quot;&quot;,&quot;created_timestamp&quot;:&quot;0&quot;,&quot;copyright&quot;:&quot;&quot;,&quot;focal_length&quot;:&quot;0&quot;,&quot;iso&quot;:&quot;0&quot;,&quot;shutter_speed&quot;:&quot;0&quot;,&quot;title&quot;:&quot;&quot;,&quot;orientation&quot;:&quot;0&quot;}\" data-image-title=\"Multicoloured triangle\" data-image-description=\"\" data-image-caption=\"\" data-medium-file=\"https:\/\/tft.scss.tcd.ie:443\/wp-content\/uploads\/2016\/11\/Multicoloured-triangle.png\" data-large-file=\"https:\/\/tft.scss.tcd.ie:443\/wp-content\/uploads\/2016\/11\/Multicoloured-triangle.png\" class=\"alignnone size-full wp-image-2045\" src=\"http:\/\/tft.scss.tcd.ie\/wp-content\/uploads\/2016\/11\/Multicoloured-triangle.png\" alt=\"Multicoloured triangle\" width=\"126\" height=\"88\" \/><\/p>\n<p><a href=\"http:\/\/tft.scss.tcd.ie\/wp-content\/uploads\/2016\/11\/Bridge21-TfT-ADT-CC.pdf\">Activity Design Template &#8211; Printable PDF<\/a>\u00a0 \u00a0 \u00a0 \u00a0 \u00a0 \u00a0 \u00a0 \u00a0 \u00a0\u00a0<img loading=\"lazy\" decoding=\"async\" data-attachment-id=\"1868\" data-permalink=\"https:\/\/tft.scss.tcd.ie:443\/index.php\/lesson-plans\/adt-swirl\/\" data-orig-file=\"https:\/\/tft.scss.tcd.ie:443\/wp-content\/uploads\/2016\/11\/ADT-swirl.png\" data-orig-size=\"119,120\" data-comments-opened=\"1\" data-image-meta=\"{&quot;aperture&quot;:&quot;0&quot;,&quot;credit&quot;:&quot;&quot;,&quot;camera&quot;:&quot;&quot;,&quot;caption&quot;:&quot;&quot;,&quot;created_timestamp&quot;:&quot;0&quot;,&quot;copyright&quot;:&quot;&quot;,&quot;focal_length&quot;:&quot;0&quot;,&quot;iso&quot;:&quot;0&quot;,&quot;shutter_speed&quot;:&quot;0&quot;,&quot;title&quot;:&quot;&quot;,&quot;orientation&quot;:&quot;0&quot;}\" data-image-title=\"ADT swirl\" data-image-description=\"\" data-image-caption=\"\" data-medium-file=\"https:\/\/tft.scss.tcd.ie:443\/wp-content\/uploads\/2016\/11\/ADT-swirl.png\" data-large-file=\"https:\/\/tft.scss.tcd.ie:443\/wp-content\/uploads\/2016\/11\/ADT-swirl.png\" class=\"size-full wp-image-1868 alignnone\" src=\"http:\/\/tft.scss.tcd.ie\/wp-content\/uploads\/2016\/11\/ADT-swirl.png\" alt=\"ADT swirl\" width=\"119\" height=\"120\" \/><\/p>\n<p>&nbsp;<\/p>\n<p>&nbsp;<\/p>\n<table  class=\" table table-hover\" >\n<tbody class=\"alignnone\">\n<tr class=\"alignnone\">\n<td width=\"154\"><a href=\"http:\/\/tft.scss.tcd.ie\/wp-content\/uploads\/2016\/11\/Sample-Lesson-Plan-\u2013-Radio-Show-1.pdf\">\u00a0Radio Show<\/a><\/td>\n<td width=\"154\">\u00a0\u00a0<img loading=\"lazy\" decoding=\"async\" data-attachment-id=\"1865\" data-permalink=\"https:\/\/tft.scss.tcd.ie:443\/index.php\/lesson-plans\/on-air\/\" data-orig-file=\"https:\/\/tft.scss.tcd.ie:443\/wp-content\/uploads\/2016\/11\/On-air.png\" data-orig-size=\"693,467\" data-comments-opened=\"1\" data-image-meta=\"{&quot;aperture&quot;:&quot;0&quot;,&quot;credit&quot;:&quot;&quot;,&quot;camera&quot;:&quot;&quot;,&quot;caption&quot;:&quot;&quot;,&quot;created_timestamp&quot;:&quot;0&quot;,&quot;copyright&quot;:&quot;&quot;,&quot;focal_length&quot;:&quot;0&quot;,&quot;iso&quot;:&quot;0&quot;,&quot;shutter_speed&quot;:&quot;0&quot;,&quot;title&quot;:&quot;&quot;,&quot;orientation&quot;:&quot;0&quot;}\" data-image-title=\"On air\" data-image-description=\"\" data-image-caption=\"\" data-medium-file=\"https:\/\/tft.scss.tcd.ie:443\/wp-content\/uploads\/2016\/11\/On-air.png\" data-large-file=\"https:\/\/tft.scss.tcd.ie:443\/wp-content\/uploads\/2016\/11\/On-air.png\" class=\"alignnone wp-image-1865\" src=\"http:\/\/tft.scss.tcd.ie\/wp-content\/uploads\/2016\/11\/On-air.png\" alt=\"On air\" width=\"130\" height=\"88\" \/><\/td>\n<td width=\"154\"><a href=\"http:\/\/tft.scss.tcd.ie\/wp-content\/uploads\/2016\/11\/PGCert-Lesson-Digital-Media-Marie-Sinead-OSullivan.pdf\">PGCert &#8211; Digital Media &#8211; Marie Sinead O&#8217;Sullivan<\/a><\/td>\n<td width=\"154\"><img loading=\"lazy\" decoding=\"async\" class=\"\" src=\"https:\/\/ww2.frost.com\/files\/2814\/7559\/4127\/Digital_Media.jpg\" alt=\"Related image\" width=\"130\" height=\"130\" \/><\/td>\n<\/tr>\n<tr>\n<td width=\"154\"><a href=\"http:\/\/tft.scss.tcd.ie\/wp-content\/uploads\/2016\/11\/Sample-Lesson-Plan-\u2013-Dolly-Diving-1.pdf\">Mathematics \u2013 Dolly Diving<\/a><\/td>\n<td width=\"154\"><img loading=\"lazy\" decoding=\"async\" data-attachment-id=\"1864\" data-permalink=\"https:\/\/tft.scss.tcd.ie:443\/index.php\/lesson-plans\/barbie\/\" data-orig-file=\"https:\/\/tft.scss.tcd.ie:443\/wp-content\/uploads\/2016\/11\/barbie.png\" data-orig-size=\"473,343\" data-comments-opened=\"1\" data-image-meta=\"{&quot;aperture&quot;:&quot;0&quot;,&quot;credit&quot;:&quot;&quot;,&quot;camera&quot;:&quot;&quot;,&quot;caption&quot;:&quot;&quot;,&quot;created_timestamp&quot;:&quot;0&quot;,&quot;copyright&quot;:&quot;&quot;,&quot;focal_length&quot;:&quot;0&quot;,&quot;iso&quot;:&quot;0&quot;,&quot;shutter_speed&quot;:&quot;0&quot;,&quot;title&quot;:&quot;&quot;,&quot;orientation&quot;:&quot;0&quot;}\" data-image-title=\"barbie\" data-image-description=\"\" data-image-caption=\"\" data-medium-file=\"https:\/\/tft.scss.tcd.ie:443\/wp-content\/uploads\/2016\/11\/barbie.png\" data-large-file=\"https:\/\/tft.scss.tcd.ie:443\/wp-content\/uploads\/2016\/11\/barbie.png\" class=\"alignnone wp-image-1864\" src=\"http:\/\/tft.scss.tcd.ie\/wp-content\/uploads\/2016\/11\/barbie.png\" alt=\"barbie\" width=\"131\" height=\"95\" \/><\/td>\n<td width=\"154\"><a href=\"http:\/\/tft.scss.tcd.ie\/wp-content\/uploads\/2016\/11\/PGCert-Lesson-Ifomation-Literacy-Michelle-Brady-1.pdf\">PGCert &#8211; Digital Literacy &#8211; Michelle Brady<\/a><\/td>\n<td width=\"154\"><img loading=\"lazy\" decoding=\"async\" class=\"\" src=\"https:\/\/ww2.frost.com\/files\/2814\/7559\/4127\/Digital_Media.jpg\" alt=\"Related image\" width=\"130\" height=\"130\" \/><\/td>\n<\/tr>\n<tr>\n<td width=\"154\"><a href=\"http:\/\/tft.scss.tcd.ie\/wp-content\/uploads\/2016\/11\/Pizza-Maths-Lesson-Plan.pdf\">Mathematics &#8211; Pizza Maths <\/a><\/td>\n<td width=\"154\"><img loading=\"lazy\" decoding=\"async\" data-attachment-id=\"1975\" data-permalink=\"https:\/\/tft.scss.tcd.ie:443\/index.php\/lesson-plans\/pizza\/\" data-orig-file=\"https:\/\/tft.scss.tcd.ie:443\/wp-content\/uploads\/2016\/11\/Pizza.png\" data-orig-size=\"1371,692\" data-comments-opened=\"1\" data-image-meta=\"{&quot;aperture&quot;:&quot;0&quot;,&quot;credit&quot;:&quot;&quot;,&quot;camera&quot;:&quot;&quot;,&quot;caption&quot;:&quot;&quot;,&quot;created_timestamp&quot;:&quot;0&quot;,&quot;copyright&quot;:&quot;&quot;,&quot;focal_length&quot;:&quot;0&quot;,&quot;iso&quot;:&quot;0&quot;,&quot;shutter_speed&quot;:&quot;0&quot;,&quot;title&quot;:&quot;&quot;,&quot;orientation&quot;:&quot;0&quot;}\" data-image-title=\"Pizza\" data-image-description=\"\" data-image-caption=\"\" data-medium-file=\"https:\/\/tft.scss.tcd.ie:443\/wp-content\/uploads\/2016\/11\/Pizza.png\" data-large-file=\"https:\/\/tft.scss.tcd.ie:443\/wp-content\/uploads\/2016\/11\/Pizza.png\" class=\"alignnone wp-image-1975\" src=\"http:\/\/tft.scss.tcd.ie\/wp-content\/uploads\/2016\/11\/Pizza.png\" alt=\"Pizza\" width=\"131\" height=\"66\" \/><\/td>\n<td width=\"154\"><a href=\"http:\/\/tft.scss.tcd.ie\/wp-content\/uploads\/2016\/11\/PGCert-Lesson-Programming-with-Scratch-Marie-Sinead-OSullivan.pdf\">PGCert &#8211; Scratch1 &#8211; Marie Sinead O&#8217;Sullivan<\/a><\/td>\n<td width=\"154\"><img loading=\"lazy\" decoding=\"async\" class=\"\" src=\"https:\/\/upload.wikimedia.org\/wikipedia\/commons\/thumb\/d\/d4\/Scratchcat.svg\/1200px-Scratchcat.svg.png\" alt=\"Image result for scratch\" width=\"120\" height=\"129\" \/><\/td>\n<\/tr>\n<tr>\n<td width=\"154\"><a href=\"http:\/\/tft.scss.tcd.ie\/wp-content\/uploads\/2016\/11\/Sample-Lesson-Plan-\u2013-Rectangular-enclosure-1.pdf\">Mathematics \u2013 Rectangular enclosure<\/a><\/td>\n<td width=\"154\"><img loading=\"lazy\" decoding=\"async\" class=\"\" src=\"http:\/\/d2ydh70d4b5xgv.cloudfront.net\/images\/2\/6\/kids-play-pen-safety-gate-children-yard-baby-fence-portable-pet-outdoors-panel-f4a5d06143ba824211ffd1c5dd8e188c.jpg\" alt=\"Image result for children fenced in\" width=\"131\" height=\"131\" \/><\/td>\n<td width=\"154\"><a href=\"http:\/\/tft.scss.tcd.ie\/wp-content\/uploads\/2016\/11\/PGCert-Lesson-Raspberry-Pi-Catherine-Whelan.pdf\">PGCert &#8211; Raspberry Pi &#8211; Catherine Whelan<\/a><\/td>\n<td width=\"154\">\u00a0<img loading=\"lazy\" decoding=\"async\" class=\"\" src=\"https:\/\/www.raspberrypi.org\/wp-content\/uploads\/2015\/08\/raspberry-pi-logo.png\" alt=\"Image result for raspberry pi\" width=\"108\" height=\"136\" \/><\/td>\n<\/tr>\n<tr>\n<td width=\"154\"><a href=\"http:\/\/tft.scss.tcd.ie\/wp-content\/uploads\/2016\/11\/Sample-Lesson-Plan-\u2013-Probability-and-Plinko-2.pdf\">Mathematics \u2013 Probability and Plinko<\/a><\/td>\n<td width=\"154\"><img loading=\"lazy\" decoding=\"async\" class=\"\" src=\"http:\/\/tft.scss.tcd.ie\/wp-content\/uploads\/2016\/11\/Plinko.jpg\" alt=\"Plinko\" width=\"131\" height=\"106\" \/><\/td>\n<td width=\"154\"><a href=\"http:\/\/tft.scss.tcd.ie\/wp-content\/uploads\/2016\/11\/PGCert-Lesson-Scratch-Catherine-Whelan.pdf\">PGCert &#8211; Scratch1 &#8211; Catherine Whelan<\/a><\/td>\n<td width=\"154\"><img loading=\"lazy\" decoding=\"async\" class=\"\" src=\"https:\/\/upload.wikimedia.org\/wikipedia\/commons\/thumb\/d\/d4\/Scratchcat.svg\/1200px-Scratchcat.svg.png\" alt=\"Image result for scratch\" width=\"120\" height=\"129\" \/><\/td>\n<\/tr>\n<tr>\n<td width=\"154\"><a href=\"http:\/\/tft.scss.tcd.ie\/wp-content\/uploads\/2016\/11\/Digital-Storytelling-Lesson-Plan.pdf\">English &amp; Art &#8211; Digital Storytelling<\/a><\/td>\n<td width=\"154\"><img loading=\"lazy\" decoding=\"async\" class=\"\" src=\"http:\/\/tft.scss.tcd.ie\/wp-content\/uploads\/2016\/11\/digital-storytelling.jpg\" alt=\"digital storytelling\" width=\"136\" height=\"52\" \/><\/td>\n<td width=\"154\"><a href=\"http:\/\/tft.scss.tcd.ie\/wp-content\/uploads\/2016\/11\/PGCert-Lesson-Scratch1-Michelle-Brady.pdf\">PGCert &#8211; Scratch1 &#8211; Michelle Brady<\/a><\/td>\n<td width=\"154\"><img loading=\"lazy\" decoding=\"async\" class=\"\" src=\"https:\/\/upload.wikimedia.org\/wikipedia\/commons\/thumb\/d\/d4\/Scratchcat.svg\/1200px-Scratchcat.svg.png\" alt=\"Image result for scratch\" width=\"120\" height=\"129\" \/><\/td>\n<\/tr>\n<tr>\n<td width=\"154\"><a href=\"http:\/\/tft.scss.tcd.ie\/wp-content\/uploads\/2016\/11\/Shakesperean-Digital-Narratives-Lesson-Plan.pdf\">English &#8211; Shakesperean Digital Narratives<\/a><\/td>\n<td width=\"154\"><img loading=\"lazy\" decoding=\"async\" class=\"\" src=\"http:\/\/tft.scss.tcd.ie\/wp-content\/uploads\/2016\/11\/digital-shakespeare.jpg\" alt=\"digital shakespeare\" width=\"132\" height=\"81\" \/><\/td>\n<td width=\"154\"><a href=\"http:\/\/tft.scss.tcd.ie\/wp-content\/uploads\/2016\/11\/PGCert-Lesson-Scratch-Collins-Montgomery.pdf\">PGCert &#8211; Scratch1 &#8211; Collins Montgomery<\/a><\/td>\n<td width=\"154\"><img loading=\"lazy\" decoding=\"async\" class=\"\" src=\"https:\/\/upload.wikimedia.org\/wikipedia\/commons\/thumb\/d\/d4\/Scratchcat.svg\/1200px-Scratchcat.svg.png\" alt=\"Image result for scratch\" width=\"120\" height=\"129\" \/><\/td>\n<\/tr>\n<tr>\n<td width=\"154\"><a href=\"http:\/\/tft.scss.tcd.ie\/wp-content\/uploads\/2016\/11\/PGCert-Lesson-Ifomation-Literacy-Michelle-Brady.pdf\">PGCert &#8211; Digital Media &amp; English &#8211; Michelle Brady<\/a><\/td>\n<td width=\"154\"><img loading=\"lazy\" decoding=\"async\" class=\"\" src=\"http:\/\/tft.scss.tcd.ie\/wp-content\/uploads\/2016\/11\/haunted.jpg\" alt=\"haunted\" width=\"132\" height=\"74\" \/><\/td>\n<td width=\"154\"><a href=\"http:\/\/tft.scss.tcd.ie\/wp-content\/uploads\/2016\/11\/PGCert-Lesson-Exploring-Computer-Systems-Michelle-Brady.pdf\">PGCert &#8211; Exploring Computer Systems &#8211; Michelle Brady<\/a><\/td>\n<td width=\"154\"><img loading=\"lazy\" decoding=\"async\" class=\"\" src=\"https:\/\/www.raspberrypi.org\/wp-content\/uploads\/2015\/08\/raspberry-pi-logo.png\" alt=\"Image result for raspberry pi\" width=\"108\" height=\"136\" \/><\/td>\n<\/tr>\n<tr>\n<td width=\"154\">\u00a0<a href=\"http:\/\/tft.scss.tcd.ie\/wp-content\/uploads\/2016\/11\/PGCert-Lesson-Digital-Media-Literacy-Catherine-Whelan.pdf\">PGCert &#8211; Digital Media &#8211; Catherine Whelan<\/a><\/td>\n<td width=\"154\"><img loading=\"lazy\" decoding=\"async\" class=\"\" src=\"https:\/\/ww2.frost.com\/files\/2814\/7559\/4127\/Digital_Media.jpg\" alt=\"Related image\" width=\"130\" height=\"130\" \/><\/td>\n<td width=\"154\"><a href=\"http:\/\/tft.scss.tcd.ie\/wp-content\/uploads\/2016\/11\/PGCert-Lesson-English-Collins-Montgomery.pdf\">PGCert &#8211; Digital Media &amp; English &#8211; Collins Montgomery<\/a><\/td>\n<td width=\"154\"><img loading=\"lazy\" decoding=\"async\" class=\"\" src=\"https:\/\/ww2.frost.com\/files\/2814\/7559\/4127\/Digital_Media.jpg\" alt=\"Related image\" width=\"130\" height=\"130\" \/><\/td>\n<\/tr>\n<tr>\n<td width=\"154\"><a href=\"http:\/\/tft.scss.tcd.ie\/wp-content\/uploads\/2016\/11\/PGCert-Lesson-Computational-Thinking-Michelle-Brady.pdf\">PGCert \u00a0&#8211; Computational Thinking &#8211; Michelle Brady<\/a><\/td>\n<td width=\"154\"><img loading=\"lazy\" decoding=\"async\" class=\"\" src=\"https:\/\/www.tcea.org\/blog\/wp-content\/uploads\/2015\/11\/computational-thinking.png\" alt=\"Image result for computational thinking\" width=\"132\" height=\"90\" \/><\/td>\n<td width=\"154\"><a href=\"http:\/\/tft.scss.tcd.ie\/wp-content\/uploads\/2016\/11\/The-Artic-Geography-Learning-by-Teaching.pdf\">The Artic &#8211; Geography &#8211; Learning by Teaching<\/a><\/td>\n<td width=\"154\"><img loading=\"lazy\" decoding=\"async\" class=\"\" src=\"http:\/\/cdn.playbuzz.com\/cdn\/856fe4ed-33d9-4c24-8dd0-76a9b17529b3\/a027552a-2203-46ea-8262-48162be04527.jpg\" alt=\"Image result for the arctic\" width=\"131\" height=\"114\" \/><\/td>\n<\/tr>\n<tr>\n<td width=\"154\"><a href=\"http:\/\/tft.scss.tcd.ie\/wp-content\/uploads\/2016\/11\/The-Vikings-History-Learning-by-Teaching.pdf\">The Vikings &#8211; History &#8211; Learning by Teaching<\/a><\/td>\n<td width=\"154\"><img loading=\"lazy\" decoding=\"async\" class=\"\" src=\"https:\/\/www.arty-fact.co.uk\/images\/vikings1.jpg\" alt=\"Image result for the vikings\" width=\"132\" height=\"75\" \/><\/td>\n<td width=\"154\"><a href=\"http:\/\/tft.scss.tcd.ie\/wp-content\/uploads\/2016\/11\/Introduction-to-ICT-Digital-Media-Literacy-Learning-by-Teaching.pdf\">Introduction to ICT &#8211; Digital Media Literacy &#8211; Learning by Teaching<\/a><\/td>\n<td width=\"154\"><img loading=\"lazy\" decoding=\"async\" class=\"\" src=\"https:\/\/ww2.frost.com\/files\/2814\/7559\/4127\/Digital_Media.jpg\" alt=\"Related image\" width=\"130\" height=\"130\" \/><\/td>\n<\/tr>\n<tr>\n<td width=\"154\"><\/td>\n<td width=\"154\"><\/td>\n<td width=\"154\"><\/td>\n<td width=\"154\"><\/td>\n<\/tr>\n<tr>\n<td width=\"154\"><\/td>\n<td width=\"154\"><\/td>\n<td width=\"154\"><\/td>\n<td width=\"154\"><\/td>\n<\/tr>\n<tr>\n<td width=\"154\"><\/td>\n<td width=\"154\"><\/td>\n<td width=\"154\"><\/td>\n<td width=\"154\"><\/td>\n<\/tr>\n<tr>\n<td width=\"154\"><\/td>\n<td width=\"154\"><\/td>\n<td width=\"154\"><\/td>\n<td width=\"154\"><\/td>\n<\/tr>\n<tr>\n<td width=\"154\"><\/td>\n<td width=\"154\"><\/td>\n<td width=\"154\"><\/td>\n<td width=\"154\"><\/td>\n<\/tr>\n<\/tbody>\n<\/table>\n","protected":false},"excerpt":{"rendered":"<p>Activity Design Template &#8211; Fillable PDF\u00a0\u00a0 \u00a0 \u00a0 \u00a0 \u00a0 \u00a0 \u00a0 \u00a0 \u00a0 \u00a0 Activity Design Template &#8211; Printable PDF\u00a0 \u00a0 \u00a0 \u00a0 \u00a0 \u00a0 \u00a0 \u00a0 \u00a0\u00a0 &nbsp; &nbsp; \u00a0Radio Show \u00a0\u00a0 PGCert &#8211; Digital Media &#8211; Marie Sinead O&#8217;Sullivan Mathematics \u2013 Dolly Diving PGCert &#8211; Digital Literacy &#8211; Michelle Brady Mathematics &#8211;<\/p>\n<div><a class=\"btn-filled btn\" href=\"https:\/\/tft.scss.tcd.ie:443\/index.php\/lesson-plans\/\" title=\"Lesson Plans\">Read More<\/a><\/div>\n","protected":false},"author":2,"featured_media":0,"parent":0,"menu_order":0,"comment_status":"closed","ping_status":"closed","template":"","meta":{"jetpack_post_was_ever_published":false,"footnotes":""},"class_list":["post-1852","page","type-page","status-publish","hentry"],"jetpack_sharing_enabled":true,"jetpack_shortlink":"https:\/\/wp.me\/P7zZND-tS","jetpack-related-posts":[{"id":1870,"url":"https:\/\/tft.scss.tcd.ie:443\/index.php\/the-bridge21-model\/","url_meta":{"origin":1852,"position":0},"title":"The Bridge21 Activity Model","author":"Aibhin Bray","date":"November 16, 2016","format":false,"excerpt":"Anatomy of a Bridge21 Activity Bridge21 learning activities have a clear structure, which provides teams with milestones and deadlines to work towards, but also allows them the freedom and flexibility to manage their own learning and shape their final work output. Creativity is promoted by encouraging teams to devise different\u2026","rel":"","context":"Similar post","block_context":{"text":"Similar post","link":""},"img":{"alt_text":"Activity Model Transparent","src":"https:\/\/i0.wp.com\/tft.scss.tcd.ie\/wp-content\/uploads\/2016\/11\/Activity-Model-Transparent.png?resize=350%2C200","width":350,"height":200},"classes":[]},{"id":701,"url":"https:\/\/tft.scss.tcd.ie:443\/index.php\/front-page\/","url_meta":{"origin":1852,"position":1},"title":"Front Page","author":"admin","date":"May 20, 2011","format":false,"excerpt":"Use this static Page to test the Theme's handling of the Front Page template file. This is the Front Page content. Use this static Page to test the Front Page output of the Theme. The Theme should properly handle both Blog Posts Index as Front Page and static Page as\u2026","rel":"","context":"Similar post","block_context":{"text":"Similar post","link":""},"img":{"alt_text":"","src":"","width":0,"height":0},"classes":[]},{"id":1954,"url":"https:\/\/tft.scss.tcd.ie:443\/index.php\/classroom-layout\/","url_meta":{"origin":1852,"position":2},"title":"Learning Spaces","author":"Aibhin Bray","date":"December 16, 2016","format":false,"excerpt":"Design and Layout of the Learning Space Try to arrange the learning space to support the collaborative nature of the learning activity. Where possible\u00a0design\u00a0the layout of the classroom such that students can easily and comfortably work together, share resources and interact with their peers. As a facilitator, it is also\u2026","rel":"","context":"Similar post","block_context":{"text":"Similar post","link":""},"img":{"alt_text":"Layouts","src":"https:\/\/i0.wp.com\/tft.scss.tcd.ie\/wp-content\/uploads\/2016\/12\/Layouts.png?resize=350%2C200","width":350,"height":200,"srcset":"https:\/\/i0.wp.com\/tft.scss.tcd.ie\/wp-content\/uploads\/2016\/12\/Layouts.png?resize=350%2C200 1x, https:\/\/i0.wp.com\/tft.scss.tcd.ie\/wp-content\/uploads\/2016\/12\/Layouts.png?resize=525%2C300 1.5x, https:\/\/i0.wp.com\/tft.scss.tcd.ie\/wp-content\/uploads\/2016\/12\/Layouts.png?resize=700%2C400 2x, https:\/\/i0.wp.com\/tft.scss.tcd.ie\/wp-content\/uploads\/2016\/12\/Layouts.png?resize=1050%2C600 3x, https:\/\/i0.wp.com\/tft.scss.tcd.ie\/wp-content\/uploads\/2016\/12\/Layouts.png?resize=1400%2C800 4x"},"classes":[]},{"id":1797,"url":"https:\/\/tft.scss.tcd.ie:443\/index.php\/handbook\/","url_meta":{"origin":1852,"position":3},"title":"Bridge21 Introductory Handbook for Teachers","author":"admin","date":"September 22, 2016","format":false,"excerpt":"Download:\u00a0Bridge21-TfT Intro Handbook \u00a0","rel":"","context":"Similar post","block_context":{"text":"Similar post","link":""},"img":{"alt_text":"","src":"","width":0,"height":0},"classes":[]},{"id":1529,"url":"https:\/\/tft.scss.tcd.ie:443\/index.php\/assessment\/","url_meta":{"origin":1852,"position":4},"title":"Assessing Teamwork Handbook","author":"admin","date":"May 31, 2016","format":false,"excerpt":"\u00a0 Assessment Handbook","rel":"","context":"Similar post","block_context":{"text":"Similar post","link":""},"img":{"alt_text":"","src":"","width":0,"height":0},"classes":[]},{"id":2195,"url":"https:\/\/tft.scss.tcd.ie:443\/index.php\/21-sajandi-oppe-loimimise-kasiraamat-koolidele\/","url_meta":{"origin":1852,"position":5},"title":"21. sajandi \u00f5ppe l\u00f5imingu k\u00e4siraamat koolidele","author":"Aibhin Bray","date":"October 24, 2018","format":false,"excerpt":"Kopeeri siit alla:\u00a021. sajandi \u00f5ppe l\u00f5imingu k\u00e4siraamat koolidele \u00a0","rel":"","context":"Similar post","block_context":{"text":"Similar post","link":""},"img":{"alt_text":"","src":"","width":0,"height":0},"classes":[]}],"_links":{"self":[{"href":"https:\/\/tft.scss.tcd.ie:443\/index.php\/wp-json\/wp\/v2\/pages\/1852","targetHints":{"allow":["GET"]}}],"collection":[{"href":"https:\/\/tft.scss.tcd.ie:443\/index.php\/wp-json\/wp\/v2\/pages"}],"about":[{"href":"https:\/\/tft.scss.tcd.ie:443\/index.php\/wp-json\/wp\/v2\/types\/page"}],"author":[{"embeddable":true,"href":"https:\/\/tft.scss.tcd.ie:443\/index.php\/wp-json\/wp\/v2\/users\/2"}],"replies":[{"embeddable":true,"href":"https:\/\/tft.scss.tcd.ie:443\/index.php\/wp-json\/wp\/v2\/comments?post=1852"}],"version-history":[{"count":44,"href":"https:\/\/tft.scss.tcd.ie:443\/index.php\/wp-json\/wp\/v2\/pages\/1852\/revisions"}],"predecessor-version":[{"id":1856,"href":"https:\/\/tft.scss.tcd.ie:443\/index.php\/wp-json\/wp\/v2\/pages\/1852\/revisions\/1856"}],"wp:attachment":[{"href":"https:\/\/tft.scss.tcd.ie:443\/index.php\/wp-json\/wp\/v2\/media?parent=1852"}],"curies":[{"name":"wp","href":"https:\/\/api.w.org\/{rel}","templated":true}]}}